{"id":41,"date":"2025-10-15T20:55:56","date_gmt":"2025-10-15T18:55:56","guid":{"rendered":"https:\/\/finansowykompas.eu\/?page_id=41"},"modified":"2025-10-30T21:21:19","modified_gmt":"2025-10-30T20:21:19","slug":"o-nas","status":"publish","type":"page","link":"https:\/\/finansowykompas.eu\/?page_id=41","title":{"rendered":"O Nas"},"content":{"rendered":"\n<p><strong>Nasi specjali\u015bci:<\/strong><\/p>\n\n\n\n<p><img decoding=\"async\" width=\"150\" height=\"100\" class=\"wp-image-27\" style=\"width: 150px;\" src=\"https:\/\/finansowykompas.eu\/wp-content\/uploads\/2025\/10\/DSC05219-scaled.jpg\" alt=\"\" srcset=\"https:\/\/finansowykompas.eu\/wp-content\/uploads\/2025\/10\/DSC05219-scaled.jpg 2560w, https:\/\/finansowykompas.eu\/wp-content\/uploads\/2025\/10\/DSC05219-300x200.jpg 300w, https:\/\/finansowykompas.eu\/wp-content\/uploads\/2025\/10\/DSC05219-1024x683.jpg 1024w, https:\/\/finansowykompas.eu\/wp-content\/uploads\/2025\/10\/DSC05219-768x512.jpg 768w, https:\/\/finansowykompas.eu\/wp-content\/uploads\/2025\/10\/DSC05219-1536x1024.jpg 1536w, https:\/\/finansowykompas.eu\/wp-content\/uploads\/2025\/10\/DSC05219-2048x1365.jpg 2048w\" sizes=\"(max-width: 150px) 100vw, 150px\" \/><\/p>\n\n\n\n<p><strong>Alicja Sienkiewicz \u2013 ekspert finansowy<\/strong><\/p>\n\n\n\n<p>Od ponad 10 lat z sukcesem doradzam Klientom w zakresie kredyt\u00f3w i finans\u00f3w. Na swoim koncie mam tysi\u0105ce analiz finansowych, a tak\u017ce miliony z\u0142otych kredyt\u00f3w, kt\u00f3re pomog\u0142y Klientom spe\u0142ni\u0107 marzenia o w\u0142asnym mieszkaniu, nowym domu czy realizacji wa\u017cnych plan\u00f3w \u017cyciowych. Moim priorytetem zawsze jest Klient \u2013 zawsze stawiam na pe\u0142ne zaanga\u017cowanie i wsparcie na ka\u017cdym etapie wsp\u00f3\u0142pracy \u2013 od pierwszej rozmowy, a\u017c po finalizacj\u0119 procesu. Dzi\u0119ki znajomo\u015bci rynku i szerokiej oferty produkt\u00f3w potrafi\u0119 dobra\u0107 rozwi\u0105zania idealnie dopasowane do indywidualnych potrzeb. Moim celem jest nie tylko znalezienie najlepszego rozwi\u0105zania, ale tak\u017ce zapewnienie Klientowi spokoju i poczucia bezpiecze\u0144stwa na ka\u017cdym etapie wsp\u00f3\u0142pracy.<\/p>\n\n\n\n<p><img decoding=\"async\" width=\"150\" height=\"225\" class=\"wp-image-26\" style=\"width: 150px;\" src=\"https:\/\/finansowykompas.eu\/wp-content\/uploads\/2025\/10\/DSC05196-scaled.jpg\" alt=\"\" srcset=\"https:\/\/finansowykompas.eu\/wp-content\/uploads\/2025\/10\/DSC05196-scaled.jpg 1707w, https:\/\/finansowykompas.eu\/wp-content\/uploads\/2025\/10\/DSC05196-200x300.jpg 200w, https:\/\/finansowykompas.eu\/wp-content\/uploads\/2025\/10\/DSC05196-683x1024.jpg 683w, https:\/\/finansowykompas.eu\/wp-content\/uploads\/2025\/10\/DSC05196-768x1152.jpg 768w, https:\/\/finansowykompas.eu\/wp-content\/uploads\/2025\/10\/DSC05196-1024x1536.jpg 1024w, https:\/\/finansowykompas.eu\/wp-content\/uploads\/2025\/10\/DSC05196-1365x2048.jpg 1365w\" sizes=\"(max-width: 150px) 100vw, 150px\" \/><\/p>\n\n\n\n<p><strong>Malwina Migacz \u2013 ekspert finansowy<\/strong><\/p>\n\n\n\n<p>Posiadam ponad 11-letnie do\u015bwiadczenie w bran\u017cy finansowej, zdobyte zar\u00f3wno w pracy z klientami indywidualnymi, jak i w obs\u0142udze produkt\u00f3w bankowych. Specjalizuje si\u0119 w kredytach hipotecznych, kredytach got\u00f3wkowych oraz ubezpieczeniach maj\u0105tkowych i na \u017cycie. Prywatnie jestem \u017con\u0105 i mam\u0105 dw\u00f3jki dzieci, dlatego doskonale rozumiem, jak wa\u017cne dla bezpiecze\u0144stwa i przysz\u0142o\u015bci rodziny s\u0105 dobre decyzje finansowe. Najwa\u017cniejszym celem mojej pracy jest indywidualne dopasowanie rozwi\u0105za\u0144, budowanie d\u0142ugofalowych relacji i atmosfery zaufania. Cechuje mnie umiej\u0119tno\u015b\u0107 \u0142\u0105czenia profesjonalizmu z empati\u0105 \u2013 dbam o to, aby ka\u017cda rozmowa by\u0142a zar\u00f3wno merytoryczna, jak i komfortowa. Coraz cz\u0119\u015bciej wspieram tak\u017ce przedsi\u0119biorc\u00f3w w rozwoju ich dzia\u0142alno\u015bci, traktuj\u0105c to jako wa\u017cny kierunek swojej zawodowej specjalizacji.<\/p>\n","protected":false},"excerpt":{"rendered":"<p>Nasi specjali\u015bci: Alicja Sienkiewicz \u2013 ekspert finansowy Od ponad 10 lat z sukcesem doradzam Klientom w zakresie kredyt\u00f3w i finans\u00f3w. [&hellip;]<\/p>\n","protected":false},"author":1,"featured_media":0,"parent":0,"menu_order":0,"comment_status":"closed","ping_status":"closed","template":"","meta":{"footnotes":""},"class_list":["post-41","page","type-page","status-publish","hentry"],"_links":{"self":[{"href":"https:\/\/finansowykompas.eu\/index.php?rest_route=\/wp\/v2\/pages\/41","targetHints":{"allow":["GET"]}}],"collection":[{"href":"https:\/\/finansowykompas.eu\/index.php?rest_route=\/wp\/v2\/pages"}],"about":[{"href":"https:\/\/finansowykompas.eu\/index.php?rest_route=\/wp\/v2\/types\/page"}],"author":[{"embeddable":true,"href":"https:\/\/finansowykompas.eu\/index.php?rest_route=\/wp\/v2\/users\/1"}],"replies":[{"embeddable":true,"href":"https:\/\/finansowykompas.eu\/index.php?rest_route=%2Fwp%2Fv2%2Fcomments&post=41"}],"version-history":[{"count":3,"href":"https:\/\/finansowykompas.eu\/index.php?rest_route=\/wp\/v2\/pages\/41\/revisions"}],"predecessor-version":[{"id":151,"href":"https:\/\/finansowykompas.eu\/index.php?rest_route=\/wp\/v2\/pages\/41\/revisions\/151"}],"wp:attachment":[{"href":"https:\/\/finansowykompas.eu\/index.php?rest_route=%2Fwp%2Fv2%2Fmedia&parent=41"}],"curies":[{"name":"wp","href":"https:\/\/api.w.org\/{rel}","templated":true}]}}